{"id":413,"date":"2020-09-15T06:48:29","date_gmt":"2020-09-15T06:48:29","guid":{"rendered":"https:\/\/skyrooftx.com\/about\/"},"modified":"2024-05-02T20:37:03","modified_gmt":"2024-05-03T01:37:03","slug":"about","status":"publish","type":"page","link":"https:\/\/skyrooftx.com\/es\/about\/","title":{"rendered":"Nosotros"},"content":{"rendered":"<div class=\"wp-block-uagb-container uagb-block-04545503 alignfull uagb-is-root-container\"><div class=\"uagb-container-inner-blocks-wrap\">\n<div class=\"wp-block-uagb-advanced-heading uagb-block-58d792da\"><h1 class=\"uagb-heading-text\">NOSOTROS<\/h1><\/div>\n<\/div><\/div>\n\n\n\n<div class=\"wp-block-uagb-container uagb-block-c07c1ca2 alignfull uagb-is-root-container\"><div class=\"uagb-container-inner-blocks-wrap\">\n<div class=\"wp-block-uagb-container uagb-block-56ceaf47\">\n<div class=\"wp-block-uagb-advanced-heading uagb-block-bcf3190f\"><h2 class=\"uagb-heading-text\">\u00bfQUI\u00c9N ES SKY ROOF?<\/h2><div class=\"uagb-separator\"><\/div><p class=\"uagb-desc-text\">Sky Roof es una empresa dedicada a la reparaci\u00f3n de techos en la ciudad de Texas, EEUU.<\/p><\/div>\n<\/div>\n\n\n\n<div class=\"wp-block-uagb-container uagb-block-3864985c\">\n<div class=\"wp-block-uagb-image aligncenter uagb-block-c2362fda wp-block-uagb-image--layout-default wp-block-uagb-image--effect-static wp-block-uagb-image--align-center\"><figure class=\"wp-block-uagb-image__figure\"><img decoding=\"async\" srcset=\"https:\/\/skyrooftx.com\/wp-content\/uploads\/2024\/04\/Logo-Sky-Roff-RC-LLC-03-300x300.png ,https:\/\/skyrooftx.com\/wp-content\/uploads\/2024\/04\/Logo-Sky-Roff-RC-LLC-03.png 780w, https:\/\/skyrooftx.com\/wp-content\/uploads\/2024\/04\/Logo-Sky-Roff-RC-LLC-03.png 360w\" sizes=\"auto, (max-width: 480px) 150px\" src=\"https:\/\/skyrooftx.com\/wp-content\/uploads\/2024\/04\/Logo-Sky-Roff-RC-LLC-03-300x300.png\" alt=\"\" class=\"uag-image-549\" width=\"300\" height=\"300\" title=\"Logo Sky Roff R&amp;C LLC-03\" loading=\"lazy\" role=\"img\"\/><\/figure><\/div>\n<\/div>\n<\/div><\/div>\n\n\n\n<div class=\"wp-block-uagb-container uagb-block-ada1b635 alignfull uagb-is-root-container\"><div class=\"uagb-container-inner-blocks-wrap\">\n<div class=\"wp-block-uagb-container uagb-block-acb9b5c9\">\n<div class=\"wp-block-uagb-advanced-heading uagb-block-85aae344\"><h4 class=\"uagb-heading-text\">Especialistas en Reclamos de Seguros<\/h4><div class=\"uagb-separator\"><\/div><p class=\"uagb-desc-text\">Contamos con especialistas en reclamos de seguros dedicados a hacer que el proceso sea lo m\u00e1s f\u00e1cil y sin problemas posible para nuestros clientes. Con una profunda comprensi\u00f3n de las complejidades de los reclamos de seguros relacionados con los da\u00f1os en los techos, nuestros expertos trabajan incansablemente para maximizar tus beneficios y agilizar el proceso de reclamaci\u00f3n. Desde la evaluaci\u00f3n inicial hasta la comunicaci\u00f3n con tu compa\u00f1\u00eda de seguros, estamos aqu\u00ed para representarte y garantizar que obtengas la compensaci\u00f3n que mereces. Conf\u00eda en nuestros especialistas en reclamos de seguros para aliviar tu carga y brindarte la tranquilidad que necesitas en un momento desafiante.<\/p><\/div>\n<\/div>\n\n\n\n<div class=\"wp-block-uagb-container uagb-block-03a254f1\">\n<div class=\"wp-block-uagb-advanced-heading uagb-block-f897f70d\"><h4 class=\"uagb-heading-text\">Personal Calificado<\/h4><div class=\"uagb-separator\"><\/div><p class=\"uagb-desc-text\">Contamos con personal con amplia experiencia en el sector. Nuestros expertos en techos no solo poseen a\u00f1os de experiencia en el campo, sino que tambi\u00e9n est\u00e1n completamente certificados y capacitados en las \u00faltimas t\u00e9cnicas y tecnolog\u00edas de reparaci\u00f3n de techos. Desde la detecci\u00f3n precisa de problemas hasta la ejecuci\u00f3n impecable de las soluciones, nuestro equipo de profesionales est\u00e1 comprometido a brindar un servicio excepcional en cada paso del camino. Puedes confiar en nosotros para proporcionar mano de obra de calidad y resultados duraderos para proteger tu hogar contra los elementos.<\/p><\/div>\n<\/div>\n<\/div><\/div>","protected":false},"excerpt":{"rendered":"<p>about us WHO IS SKY ROOF? Sky Roof is a roofing repair company in Texas City, Texas, USA. Insurance Claims [&hellip;]<\/p>\n","protected":false},"author":1,"featured_media":549,"parent":0,"menu_order":0,"comment_status":"closed","ping_status":"closed","template":"","meta":{"_crdt_document":"","_uag_custom_page_level_css":"","site-sidebar-layout":"no-sidebar","site-content-layout":"plain-container","ast-site-content-layout":"normal-width-container","site-content-style":"unboxed","site-sidebar-style":"unboxed","ast-global-header-display":"","ast-banner-title-visibility":"","ast-main-header-display":"","ast-hfb-above-header-display":"","ast-hfb-below-header-display":"","ast-hfb-mobile-header-display":"","site-post-title":"disabled","ast-breadcrumbs-content":"","ast-featured-img":"","footer-sml-layout":"","ast-disable-related-posts":"","theme-transparent-header-meta":"enabled","adv-header-id-meta":"","stick-header-meta":"","header-above-stick-meta":"","header-main-stick-meta":"","header-below-stick-meta":"","astra-migrate-meta-layouts":"set","ast-page-background-enabled":"default","ast-page-background-meta":{"desktop":{"background-color":"","background-image":"","background-repeat":"repeat","background-position":"center center","background-size":"auto","background-attachment":"scroll","background-type":"","background-media":"","overlay-type":"","overlay-color":"","overlay-opacity":"","overlay-gradient":""},"tablet":{"background-color":"","background-image":"","background-repeat":"repeat","background-position":"center center","background-size":"auto","background-attachment":"scroll","background-type":"","background-media":"","overlay-type":"","overlay-color":"","overlay-opacity":"","overlay-gradient":""},"mobile":{"background-color":"","background-image":"","background-repeat":"repeat","background-position":"center center","background-size":"auto","background-attachment":"scroll","background-type":"","background-media":"","overlay-type":"","overlay-color":"","overlay-opacity":"","overlay-gradient":""}},"ast-content-background-meta":{"desktop":{"background-color":"var(--ast-global-color-5)","background-image":"","background-repeat":"repeat","background-position":"center center","background-size":"auto","background-attachment":"scroll","background-type":"","background-media":"","overlay-type":"","overlay-color":"","overlay-opacity":"","overlay-gradient":""},"tablet":{"background-color":"var(--ast-global-color-5)","background-image":"","background-repeat":"repeat","background-position":"center center","background-size":"auto","background-attachment":"scroll","background-type":"","background-media":"","overlay-type":"","overlay-color":"","overlay-opacity":"","overlay-gradient":""},"mobile":{"background-color":"var(--ast-global-color-5)","background-image":"","background-repeat":"repeat","background-position":"center center","background-size":"auto","background-attachment":"scroll","background-type":"","background-media":"","overlay-type":"","overlay-color":"","overlay-opacity":"","overlay-gradient":""}},"_glsr_average":0,"_glsr_ranking":0,"_glsr_reviews":0,"footnotes":""},"class_list":["post-413","page","type-page","status-publish","has-post-thumbnail","hentry"],"yoast_head":"<!-- This site is optimized with the Yoast SEO plugin v27.5 - https:\/\/yoast.com\/product\/yoast-seo-wordpress\/ -->\n<title>\ud83d\udd35 About \u2022 Sky Roof R&amp;C \ud83d\udd34<\/title>\n<meta name=\"description\" content=\"\u2705 Sky Roof is a roofing repair company in Texas City, Texas, USA. We do a free check of your roof.\" \/>\n<meta name=\"robots\" content=\"index, follow, max-snippet:-1, max-image-preview:large, max-video-preview:-1\" \/>\n<link rel=\"canonical\" href=\"https:\/\/skyrooftx.com\/es\/about\/\" \/>\n<meta property=\"og:locale\" content=\"es_ES\" \/>\n<meta property=\"og:type\" content=\"article\" \/>\n<meta property=\"og:title\" content=\"\ud83d\udd35 About \u2022 Sky Roof R&amp;C \ud83d\udd34\" \/>\n<meta property=\"og:description\" content=\"\u2705 Sky Roof is a roofing repair company in Texas City, Texas, USA. We do a free check of your roof.\" \/>\n<meta property=\"og:url\" content=\"https:\/\/skyrooftx.com\/es\/about\/\" \/>\n<meta property=\"og:site_name\" content=\"skyrooftx.com\" \/>\n<meta property=\"article:modified_time\" content=\"2024-05-03T01:37:03+00:00\" \/>\n<meta property=\"og:image\" content=\"https:\/\/skyrooftx.com\/wp-content\/uploads\/2024\/04\/Logo-Sky-Roff-RC-LLC-03.png\" \/>\n\t<meta property=\"og:image:width\" content=\"2363\" \/>\n\t<meta property=\"og:image:height\" content=\"2363\" \/>\n\t<meta property=\"og:image:type\" content=\"image\/png\" \/>\n<meta name=\"twitter:card\" content=\"summary_large_image\" \/>\n<meta name=\"twitter:label1\" content=\"Tiempo de lectura\" \/>\n\t<meta name=\"twitter:data1\" content=\"2 minutos\" \/>\n<!-- \/ Yoast SEO plugin. -->","yoast_head_json":{"title":"\ud83d\udd35 About \u2022 Sky Roof R&C \ud83d\udd34","description":"\u2705 Sky Roof is a roofing repair company in Texas City, Texas, USA. We do a free check of your roof.","robots":{"index":"index","follow":"follow","max-snippet":"max-snippet:-1","max-image-preview":"max-image-preview:large","max-video-preview":"max-video-preview:-1"},"canonical":"https:\/\/skyrooftx.com\/es\/about\/","og_locale":"es_ES","og_type":"article","og_title":"\ud83d\udd35 About \u2022 Sky Roof R&C \ud83d\udd34","og_description":"\u2705 Sky Roof is a roofing repair company in Texas City, Texas, USA. We do a free check of your roof.","og_url":"https:\/\/skyrooftx.com\/es\/about\/","og_site_name":"skyrooftx.com","article_modified_time":"2024-05-03T01:37:03+00:00","og_image":[{"width":2363,"height":2363,"url":"https:\/\/skyrooftx.com\/wp-content\/uploads\/2024\/04\/Logo-Sky-Roff-RC-LLC-03.png","type":"image\/png"}],"twitter_card":"summary_large_image","twitter_misc":{"Tiempo de lectura":"2 minutos"},"schema":{"@context":"https:\/\/schema.org","@graph":[{"@type":"WebPage","@id":"https:\/\/skyrooftx.com\/about\/","url":"https:\/\/skyrooftx.com\/about\/","name":"\ud83d\udd35 About \u2022 Sky Roof R&C \ud83d\udd34","isPartOf":{"@id":"https:\/\/skyrooftx.com\/#website"},"primaryImageOfPage":{"@id":"https:\/\/skyrooftx.com\/about\/#primaryimage"},"image":{"@id":"https:\/\/skyrooftx.com\/about\/#primaryimage"},"thumbnailUrl":"https:\/\/skyrooftx.com\/wp-content\/uploads\/2024\/04\/Logo-Sky-Roff-RC-LLC-03.png","datePublished":"2020-09-15T06:48:29+00:00","dateModified":"2024-05-03T01:37:03+00:00","description":"\u2705 Sky Roof is a roofing repair company in Texas City, Texas, USA. We do a free check of your roof.","breadcrumb":{"@id":"https:\/\/skyrooftx.com\/about\/#breadcrumb"},"inLanguage":"es-CO","potentialAction":[{"@type":"ReadAction","target":["https:\/\/skyrooftx.com\/about\/"]}]},{"@type":"ImageObject","inLanguage":"es-CO","@id":"https:\/\/skyrooftx.com\/about\/#primaryimage","url":"https:\/\/skyrooftx.com\/wp-content\/uploads\/2024\/04\/Logo-Sky-Roff-RC-LLC-03.png","contentUrl":"https:\/\/skyrooftx.com\/wp-content\/uploads\/2024\/04\/Logo-Sky-Roff-RC-LLC-03.png","width":2363,"height":2363},{"@type":"BreadcrumbList","@id":"https:\/\/skyrooftx.com\/about\/#breadcrumb","itemListElement":[{"@type":"ListItem","position":1,"name":"Inicio","item":"https:\/\/skyrooftx.com\/"},{"@type":"ListItem","position":2,"name":"About"}]},{"@type":"WebSite","@id":"https:\/\/skyrooftx.com\/#website","url":"https:\/\/skyrooftx.com\/","name":"skyrooftx.com","description":"","publisher":{"@id":"https:\/\/skyrooftx.com\/#organization"},"potentialAction":[{"@type":"SearchAction","target":{"@type":"EntryPoint","urlTemplate":"https:\/\/skyrooftx.com\/?s={search_term_string}"},"query-input":{"@type":"PropertyValueSpecification","valueRequired":true,"valueName":"search_term_string"}}],"inLanguage":"es-CO"},{"@type":"Organization","@id":"https:\/\/skyrooftx.com\/#organization","name":"skyrooftx.com","url":"https:\/\/skyrooftx.com\/","logo":{"@type":"ImageObject","inLanguage":"es-CO","@id":"https:\/\/skyrooftx.com\/#\/schema\/logo\/image\/","url":"https:\/\/skyrooftx.com\/wp-content\/uploads\/2024\/04\/Logo-Sky-Roff-RC-LLC-02.png","contentUrl":"https:\/\/skyrooftx.com\/wp-content\/uploads\/2024\/04\/Logo-Sky-Roff-RC-LLC-02.png","width":2363,"height":2363,"caption":"skyrooftx.com"},"image":{"@id":"https:\/\/skyrooftx.com\/#\/schema\/logo\/image\/"}}]}},"uagb_featured_image_src":{"full":["https:\/\/skyrooftx.com\/wp-content\/uploads\/2024\/04\/Logo-Sky-Roff-RC-LLC-03.png",2363,2363,false],"thumbnail":["https:\/\/skyrooftx.com\/wp-content\/uploads\/2024\/04\/Logo-Sky-Roff-RC-LLC-03-150x150.png",150,150,true],"medium":["https:\/\/skyrooftx.com\/wp-content\/uploads\/2024\/04\/Logo-Sky-Roff-RC-LLC-03-300x300.png",300,300,true],"medium_large":["https:\/\/skyrooftx.com\/wp-content\/uploads\/2024\/04\/Logo-Sky-Roff-RC-LLC-03-768x768.png",768,768,true],"large":["https:\/\/skyrooftx.com\/wp-content\/uploads\/2024\/04\/Logo-Sky-Roff-RC-LLC-03-1024x1024.png",1024,1024,true],"1536x1536":["https:\/\/skyrooftx.com\/wp-content\/uploads\/2024\/04\/Logo-Sky-Roff-RC-LLC-03-1536x1536.png",1536,1536,true],"2048x2048":["https:\/\/skyrooftx.com\/wp-content\/uploads\/2024\/04\/Logo-Sky-Roff-RC-LLC-03-2048x2048.png",2048,2048,true],"trp-custom-language-flag":["https:\/\/skyrooftx.com\/wp-content\/uploads\/2024\/04\/Logo-Sky-Roff-RC-LLC-03-12x12.png",12,12,true]},"uagb_author_info":{"display_name":"skyrooftx.com","author_link":"https:\/\/skyrooftx.com\/es\/author\/skyrooftx-com\/"},"uagb_comment_info":0,"uagb_excerpt":"about us WHO IS SKY ROOF? Sky Roof is a roofing repair company in Texas City, Texas, USA. Insurance Claims [&hellip;]","_links":{"self":[{"href":"https:\/\/skyrooftx.com\/es\/wp-json\/wp\/v2\/pages\/413","targetHints":{"allow":["GET"]}}],"collection":[{"href":"https:\/\/skyrooftx.com\/es\/wp-json\/wp\/v2\/pages"}],"about":[{"href":"https:\/\/skyrooftx.com\/es\/wp-json\/wp\/v2\/types\/page"}],"author":[{"embeddable":true,"href":"https:\/\/skyrooftx.com\/es\/wp-json\/wp\/v2\/users\/1"}],"replies":[{"embeddable":true,"href":"https:\/\/skyrooftx.com\/es\/wp-json\/wp\/v2\/comments?post=413"}],"version-history":[{"count":6,"href":"https:\/\/skyrooftx.com\/es\/wp-json\/wp\/v2\/pages\/413\/revisions"}],"predecessor-version":[{"id":698,"href":"https:\/\/skyrooftx.com\/es\/wp-json\/wp\/v2\/pages\/413\/revisions\/698"}],"wp:featuredmedia":[{"embeddable":true,"href":"https:\/\/skyrooftx.com\/es\/wp-json\/wp\/v2\/media\/549"}],"wp:attachment":[{"href":"https:\/\/skyrooftx.com\/es\/wp-json\/wp\/v2\/media?parent=413"}],"curies":[{"name":"wp","href":"https:\/\/api.w.org\/{rel}","templated":true}]}}